{"id":8225,"date":"2022-04-27T13:51:48","date_gmt":"2022-04-27T11:51:48","guid":{"rendered":"https:\/\/hrvatska-zajednica-berlin.com\/politika-privatnosti\/"},"modified":"2022-05-18T15:40:32","modified_gmt":"2022-05-18T13:40:32","slug":"datenschutz-bestimmungen","status":"publish","type":"page","link":"https:\/\/hrvatska-zajednica-berlin.com\/de\/datenschutz-bestimmungen\/","title":{"rendered":"Datenschutz &#8211; Bestimmungen"},"content":{"rendered":"\t\t<div data-elementor-type=\"wp-page\" data-elementor-id=\"8225\" class=\"elementor elementor-8225 elementor-2846\">\n\t\t\t\t\t\t\t\t\t<section class=\"elementor-section elementor-top-section elementor-element elementor-element-373b8947 ct-section-stretched elementor-section-height-min-height elementor-section-boxed elementor-section-height-default elementor-section-items-middle\" data-id=\"373b8947\" data-element_type=\"section\" data-settings=\"{&quot;background_background&quot;:&quot;classic&quot;}\">\n\t\t\t\t\t\t\t<div class=\"elementor-background-overlay\"><\/div>\n\t\t\t\t\t\t\t<div class=\"elementor-container elementor-column-gap-default\">\n\t\t\t\t\t<div class=\"elementor-column elementor-col-100 elementor-top-column elementor-element elementor-element-29e786e1\" data-id=\"29e786e1\" data-element_type=\"column\">\n\t\t\t<div class=\"elementor-widget-wrap elementor-element-populated\">\n\t\t\t\t\t\t\t\t<div class=\"elementor-element elementor-element-6138f846 elementor-widget elementor-widget-image\" data-id=\"6138f846\" data-element_type=\"widget\" data-widget_type=\"image.default\">\n\t\t\t\t<div class=\"elementor-widget-container\">\n\t\t\t<style>\/*! elementor - v3.6.5 - 27-04-2022 *\/\n.elementor-widget-image{text-align:center}.elementor-widget-image a{display:inline-block}.elementor-widget-image a img[src$=\".svg\"]{width:48px}.elementor-widget-image img{vertical-align:middle;display:inline-block}<\/style>\t\t\t\t\t\t\t\t\t\t\t\t<img width=\"1024\" height=\"397\" src=\"https:\/\/hrvatska-zajednica-berlin.com\/wp-content\/uploads\/2022\/04\/hzb_01-1-1024x397.jpg\" class=\"attachment-large size-large\" alt=\"hzb\" loading=\"lazy\" srcset=\"https:\/\/hrvatska-zajednica-berlin.com\/wp-content\/uploads\/2022\/04\/hzb_01-1-1024x397.jpg 1024w, https:\/\/hrvatska-zajednica-berlin.com\/wp-content\/uploads\/2022\/04\/hzb_01-1-200x78.jpg 200w, https:\/\/hrvatska-zajednica-berlin.com\/wp-content\/uploads\/2022\/04\/hzb_01-1-300x116.jpg 300w, https:\/\/hrvatska-zajednica-berlin.com\/wp-content\/uploads\/2022\/04\/hzb_01-1-768x298.jpg 768w, https:\/\/hrvatska-zajednica-berlin.com\/wp-content\/uploads\/2022\/04\/hzb_01-1.jpg 1290w\" sizes=\"(max-width: 1024px) 100vw, 1024px\" \/>\t\t\t\t\t\t\t\t\t\t\t\t\t\t\t<\/div>\n\t\t\t\t<\/div>\n\t\t\t\t\t<\/div>\n\t\t<\/div>\n\t\t\t\t\t\t\t<\/div>\n\t\t<\/section>\n\t\t\t\t<section class=\"elementor-section elementor-top-section elementor-element elementor-element-53a95fc4 ct-section-stretched elementor-section-full_width elementor-section-height-default elementor-section-height-default\" data-id=\"53a95fc4\" data-element_type=\"section\" data-settings=\"{&quot;background_background&quot;:&quot;classic&quot;}\">\n\t\t\t\t\t\t<div class=\"elementor-container elementor-column-gap-default\">\n\t\t\t\t\t<div class=\"elementor-column elementor-col-100 elementor-top-column elementor-element elementor-element-3d01be51\" data-id=\"3d01be51\" data-element_type=\"column\">\n\t\t\t<div class=\"elementor-widget-wrap elementor-element-populated\">\n\t\t\t\t\t\t\t\t<div class=\"elementor-element elementor-element-b39c6a0 elementor-widget-divider--view-line elementor-widget elementor-widget-divider\" data-id=\"b39c6a0\" data-element_type=\"widget\" data-widget_type=\"divider.default\">\n\t\t\t\t<div class=\"elementor-widget-container\">\n\t\t\t<style>\/*! elementor - v3.6.5 - 27-04-2022 *\/\n.elementor-widget-divider{--divider-border-style:none;--divider-border-width:1px;--divider-color:#2c2c2c;--divider-icon-size:20px;--divider-element-spacing:10px;--divider-pattern-height:24px;--divider-pattern-size:20px;--divider-pattern-url:none;--divider-pattern-repeat:repeat-x}.elementor-widget-divider .elementor-divider{display:-webkit-box;display:-ms-flexbox;display:flex}.elementor-widget-divider .elementor-divider__text{font-size:15px;line-height:1;max-width:95%}.elementor-widget-divider .elementor-divider__element{margin:0 var(--divider-element-spacing);-ms-flex-negative:0;flex-shrink:0}.elementor-widget-divider .elementor-icon{font-size:var(--divider-icon-size)}.elementor-widget-divider .elementor-divider-separator{display:-webkit-box;display:-ms-flexbox;display:flex;margin:0;direction:ltr}.elementor-widget-divider--view-line_icon .elementor-divider-separator,.elementor-widget-divider--view-line_text .elementor-divider-separator{-webkit-box-align:center;-ms-flex-align:center;align-items:center}.elementor-widget-divider--view-line_icon .elementor-divider-separator:after,.elementor-widget-divider--view-line_icon .elementor-divider-separator:before,.elementor-widget-divider--view-line_text .elementor-divider-separator:after,.elementor-widget-divider--view-line_text .elementor-divider-separator:before{display:block;content:\"\";border-bottom:0;-webkit-box-flex:1;-ms-flex-positive:1;flex-grow:1;border-top:var(--divider-border-width) var(--divider-border-style) var(--divider-color)}.elementor-widget-divider--element-align-left .elementor-divider .elementor-divider-separator>.elementor-divider__svg:first-of-type{-webkit-box-flex:0;-ms-flex-positive:0;flex-grow:0;-ms-flex-negative:100;flex-shrink:100}.elementor-widget-divider--element-align-left .elementor-divider-separator:before{content:none}.elementor-widget-divider--element-align-left .elementor-divider__element{margin-left:0}.elementor-widget-divider--element-align-right .elementor-divider .elementor-divider-separator>.elementor-divider__svg:last-of-type{-webkit-box-flex:0;-ms-flex-positive:0;flex-grow:0;-ms-flex-negative:100;flex-shrink:100}.elementor-widget-divider--element-align-right .elementor-divider-separator:after{content:none}.elementor-widget-divider--element-align-right .elementor-divider__element{margin-right:0}.elementor-widget-divider:not(.elementor-widget-divider--view-line_text):not(.elementor-widget-divider--view-line_icon) .elementor-divider-separator{border-top:var(--divider-border-width) var(--divider-border-style) var(--divider-color)}.elementor-widget-divider--separator-type-pattern{--divider-border-style:none}.elementor-widget-divider--separator-type-pattern.elementor-widget-divider--view-line .elementor-divider-separator,.elementor-widget-divider--separator-type-pattern:not(.elementor-widget-divider--view-line) .elementor-divider-separator:after,.elementor-widget-divider--separator-type-pattern:not(.elementor-widget-divider--view-line) .elementor-divider-separator:before,.elementor-widget-divider--separator-type-pattern:not([class*=elementor-widget-divider--view]) .elementor-divider-separator{width:100%;min-height:var(--divider-pattern-height);-webkit-mask-size:var(--divider-pattern-size) 100%;mask-size:var(--divider-pattern-size) 100%;-webkit-mask-repeat:var(--divider-pattern-repeat);mask-repeat:var(--divider-pattern-repeat);background-color:var(--divider-color);-webkit-mask-image:var(--divider-pattern-url);mask-image:var(--divider-pattern-url)}.elementor-widget-divider--no-spacing{--divider-pattern-size:auto}.elementor-widget-divider--bg-round{--divider-pattern-repeat:round}.rtl .elementor-widget-divider .elementor-divider__text{direction:rtl}<\/style>\t\t<div class=\"elementor-divider\">\n\t\t\t<span class=\"elementor-divider-separator\">\n\t\t\t\t\t\t<\/span>\n\t\t<\/div>\n\t\t\t\t<\/div>\n\t\t\t\t<\/div>\n\t\t\t\t<div class=\"elementor-element elementor-element-218b496b elementor-widget elementor-widget-heading\" data-id=\"218b496b\" data-element_type=\"widget\" data-widget_type=\"heading.default\">\n\t\t\t\t<div class=\"elementor-widget-container\">\n\t\t\t<style>\/*! elementor - v3.6.5 - 27-04-2022 *\/\n.elementor-heading-title{padding:0;margin:0;line-height:1}.elementor-widget-heading .elementor-heading-title[class*=elementor-size-]>a{color:inherit;font-size:inherit;line-height:inherit}.elementor-widget-heading .elementor-heading-title.elementor-size-small{font-size:15px}.elementor-widget-heading .elementor-heading-title.elementor-size-medium{font-size:19px}.elementor-widget-heading .elementor-heading-title.elementor-size-large{font-size:29px}.elementor-widget-heading .elementor-heading-title.elementor-size-xl{font-size:39px}.elementor-widget-heading .elementor-heading-title.elementor-size-xxl{font-size:59px}<\/style><h1 class=\"elementor-heading-title elementor-size-default\">Datenschutzerkl\u00e4rung<\/h1>\t\t<\/div>\n\t\t\t\t<\/div>\n\t\t\t\t<div class=\"elementor-element elementor-element-2c296188 elementor-widget-divider--view-line elementor-widget elementor-widget-divider\" data-id=\"2c296188\" data-element_type=\"widget\" data-widget_type=\"divider.default\">\n\t\t\t\t<div class=\"elementor-widget-container\">\n\t\t\t\t\t<div class=\"elementor-divider\">\n\t\t\t<span class=\"elementor-divider-separator\">\n\t\t\t\t\t\t<\/span>\n\t\t<\/div>\n\t\t\t\t<\/div>\n\t\t\t\t<\/div>\n\t\t\t\t\t<\/div>\n\t\t<\/div>\n\t\t\t\t\t\t\t<\/div>\n\t\t<\/section>\n\t\t\t\t<section class=\"elementor-section elementor-top-section elementor-element elementor-element-7d4c622b elementor-section-boxed elementor-section-height-default elementor-section-height-default\" data-id=\"7d4c622b\" data-element_type=\"section\">\n\t\t\t\t\t\t\t<div class=\"elementor-background-overlay\"><\/div>\n\t\t\t\t\t\t\t<div class=\"elementor-container elementor-column-gap-default\">\n\t\t\t\t\t<div class=\"elementor-column elementor-col-100 elementor-top-column elementor-element elementor-element-4ab017\" data-id=\"4ab017\" data-element_type=\"column\">\n\t\t\t<div class=\"elementor-widget-wrap elementor-element-populated\">\n\t\t\t\t\t\t\t\t<div class=\"elementor-element elementor-element-c83acf9 elementor-widget elementor-widget-text-editor\" data-id=\"c83acf9\" data-element_type=\"widget\" data-widget_type=\"text-editor.default\">\n\t\t\t\t<div class=\"elementor-widget-container\">\n\t\t\t<style>\/*! elementor - v3.6.5 - 27-04-2022 *\/\n.elementor-widget-text-editor.elementor-drop-cap-view-stacked .elementor-drop-cap{background-color:#818a91;color:#fff}.elementor-widget-text-editor.elementor-drop-cap-view-framed .elementor-drop-cap{color:#818a91;border:3px solid;background-color:transparent}.elementor-widget-text-editor:not(.elementor-drop-cap-view-default) .elementor-drop-cap{margin-top:8px}.elementor-widget-text-editor:not(.elementor-drop-cap-view-default) .elementor-drop-cap-letter{width:1em;height:1em}.elementor-widget-text-editor .elementor-drop-cap{float:left;text-align:center;line-height:1;font-size:50px}.elementor-widget-text-editor .elementor-drop-cap-letter{display:inline-block}<\/style>\t\t\t\t<p>Ich respektiere Ihre Privatsph\u00e4re und bin mir bewusst, dass sie Ihnen sehr wichtig ist. Ich garantiere allen Besuchern dieser Website, dass Ihre Daten sicher sind und gem\u00e4\u00df der Allgemeinen Datenschutzverordnung (DSGVO) verarbeitet werden, die in allen EU-L\u00e4ndern ab dem 25. Mai 2018 gilt.<\/p><p><strong>WAS IST EIN ALLGEMEINER PERS\u00d6NLICHER DATENSCHUTZ (DSGVO)?<\/strong><\/p><p>Dies ist die Verordnung (EU) 2016\/679 des Europ\u00e4ischen Parlaments und des Rates vom 27. April 2016 zum Schutz nat\u00fcrlicher Personen bei der Verarbeitung personenbezogener Daten. Sie gilt in allen EU-L\u00e4ndern (sowie in der Republik \u00d6sterreich) ab dem 25. Mai 2018.<\/p><p><strong>MEINE GRUNDS\u00c4TZE SCH\u00dcTZEN IHRE DATENSCHUTZ<\/strong><\/p><ul><li>Ich sammle nur die notwendigen Kontaktinformationen, die f\u00fcr die Kommunikation untereinander notwendig sind.<\/li><li>Ich verarbeite Ihre erhaltenen Informationen nur mit Ihrer Einwilligung,<\/li><li>Ich verwende die Informationen nur f\u00fcr den Zweck, f\u00fcr den ich Ihre Zustimmung habe.<\/li><li>Ich verkaufe, leihe oder teile Ihre Informationen nicht.<\/li><li>Ich sende Ihre Daten nicht ohne Ihre Zustimmung an Dritte weiter.<\/li><li>Ich behalte Ihre Daten nur bei Bedarf. Danach l\u00f6sche ich sie.<\/li><li>Ich \u00fcberpr\u00fcfe die Sicherheit Ihrer Daten.<\/li><\/ul><p><strong>INFORMATIONEN \u00dcBER DEN VERARBEITUNGSMANAGER<\/strong><\/p><p>Der Manager der Verarbeitung Ihrer pers\u00f6nlichen Informationen auf dieser Website ist Kroatische Kultur-, Kunst und Sportgemeinde e.V. Berlin (Pr\u00e4sidentin Karmen Mei\u0107).<\/p><p>Kontakt podaci voditelja obrade Va\u0161ih osobnih podataka:<\/p><p>Kroatische Kultur-, Kunst und Sportgemeinde e.V. Berlin<\/p><p>Pr\u00e4sidentin: Karmen Mei\u0107<\/p><p>Postfach 120306<\/p><p>Postleitzahl: 10593 Berlin<\/p><p>info@hrvatska-zajednica-berlin.com<\/p><p><strong>WIE UND WAS F\u00dcR INFORMATIONEN WERDEN ERFASST<\/strong><\/p><ul><li>Direkt von Benutzern dieser Website. Gelegentlich sammle ich nur die notwendigen Informationen (Name, E-Mail-Adresse, Telefonnummer, Benutzermeldung).<\/li><li>Verwendung von Cookies<\/li><li>Automatisch (\u00fcber Serverprotokolle) &#8211; Daten, die automatisch generiert werden. Serverprotokolle k\u00f6nnen Sie nicht als bestimmte Person identifizieren.<\/li><\/ul><p><strong>ZWECK DER PERS\u00d6NLICHEN DATENVERARBEITUNG<\/strong><\/p><p>Der Zweck der Verarbeitung besteht darin, miteinander zu kommunizieren. Am h\u00e4ufigsten werden Ihre Fragen \u00fcber das Formular auf dieser Website, per E-Mail oder telefonisch beantwortet.<\/p><p><strong>RECHTSGRUNDLAGE F\u00dcR DIE DATENVERARBEITUNG<\/strong><\/p><p>Die rechtliche Grundlage f\u00fcr die Verarbeitung personenbezogener Daten auf dieser Website ist Ihre Zustimmung (die Zustimmung der Befragten).<\/p><p><strong>NUTZUNG IHRER DATEN<\/strong><\/p><p>Ich werde Ihre Daten f\u00fcr Kommunikationszwecke und zur Herstellung einer gegenseitigen Zusammenarbeit verwenden. Sie k\u00f6nnen personenbezogene Daten auch f\u00fcr statistische Zwecke dieser Website verwenden. Es ist wichtig f\u00fcr Sie zu wissen, dass ich Ihre Informationen nur f\u00fcr den Zweck verwenden werde, f\u00fcr den ich Ihre Zustimmung erhalte. Sie k\u00f6nnen diese Einwilligung auch jederzeit widerrufen, und ich werde die Verarbeitung sofort einstellen.<\/p><p><strong>WIE LANGE SPEICHERE ICH DATEN<\/strong><\/p><p>Ich behalte die Daten nur so lange, wie sie verarbeitet werden m\u00fcssen. Danach l\u00f6sche ich sie.<\/p><p><strong>ALLE IHRE RECHTE<\/strong><\/p><p>Wenn Sie Ihre pers\u00f6nlichen Daten auf dieser Website hinterlassen, haben Sie folgende Rechte:<\/p><ul><li><strong>RECHT AUF TRANSPARENZ<\/strong> &#8211; Sie haben das Recht, meine Identit\u00e4t, meine Kontaktinformationen, den Zweck der Verarbeitung Ihrer Daten, die Rechtsgrundlage der Verarbeitung, die Speicherdauer usw. zu erfahren. Sie k\u00f6nnen eine schriftliche Anfrage senden, und ich werde Ihnen eine Antwort auf alle Ihre Fragen zu Ihren Informationen senden.<\/li><li><strong>RECHT AUF ZUGRIFF AUF DATEN<\/strong> &#8211; Sie haben Zugriff auf alle Ihre pers\u00f6nlichen Daten, die ich verarbeite. Sie k\u00f6nnen Informationen \u00fcber die gespeicherten Daten anfordern und erhalten.<\/li><li><strong>RECHT AUF RICHTIGKEIT<\/strong> &#8211; Wenn Ihre pers\u00f6nlichen Daten nicht korrekt sind, haben Sie das Recht, mich aufzufordern, die Informationen zu korrigieren.<\/li><li><strong>L\u00d6SCHRECHT (\u201eVERGESSENSRECHT\u201c)<\/strong> &#8211; Sie als Benutzer (Befragter) haben jederzeit das Recht, die L\u00f6schung Ihrer pers\u00f6nlichen Daten zu verlangen. Senden Sie Ihre Anfrage an meine E-Mail-Adresse und die Informationen werden so schnell wie m\u00f6glich, sp\u00e4testens jedoch innerhalb von 8 Tagen gel\u00f6scht.<\/li><li><strong>RECHT AUF EINSCHR\u00c4NKUNG DER VERARBEITUNG VON DATEN<\/strong> &#8211; In bestimmten Situationen haben Sie das Recht, eine Einschr\u00e4nkung der Verwendung personenbezogener Daten anzufordern, anstatt sie zu l\u00f6schen. In diesem Fall werden Ihre Daten gespeichert, aber nicht weiter verarbeitet.<\/li><li><strong>RECHT AUF BESCHWERDE<\/strong> &#8211; Sie haben das Recht, Einspruch einzulegen. Bitte senden Sie eine Beschwerde an meine E-Mail-Adresse.<\/li><li><strong>\u00dcBERTRAGUNGSRECHT<\/strong> &#8211; Sie haben das Recht, Daten ohne mein Zutun an einen anderen Verarbeitungsmanager zu \u00fcbertragen.<\/li><li><strong>R\u00dcCKTRITTSRECHT<\/strong> &#8211; Sie k\u00f6nnen Ihre Einwilligung jederzeit widerrufen. Bitte senden Sie Ihre Anfrage an meine E-Mail-Adresse.<\/li><li><strong>RECHT AUF EINREICHUNG VON BESCHWERDEN BEI DER AUFSICHTSBEH\u00d6RDE<\/strong> &#8211; Sie k\u00f6nnen sich direkt an die zust\u00e4ndige Aufsichtsbeh\u00f6rde wenden.<br \/><p>Zust\u00e4ndige Beh\u00f6rde &#8211; ???<\/p><\/li><li><strong>AUTORISIERUNGSBESTIMMUNGEN F\u00dcR AUTOMATISIERTE EINZELBESTIMMUNGEN<\/strong> &#8211; Sie haben das Recht, automatisierten Einzelentscheidungen zu widersprechen. Automatisierte individuelle Entscheidungen sind Entscheidungen ohne menschliches Zutun.<\/li><li><strong>RECHT AUF DIE QUELLE PERS\u00d6NLICHER DATEN<\/strong> &#8211; Sie haben das Recht zu erfahren, wie ich an Ihre Daten gelangt bin.<\/li><\/ul><p><strong>UMSETZUNG VON TECHNISCHEN UND ORGANISATORISCHEN SCHUTZMASSNAHMEN<\/strong><\/p><p>Sicherheitsma\u00dfnahmen sind vorhanden, um Ihre pers\u00f6nlichen Daten zu sch\u00fctzen. Die Informationen sind vor Zerst\u00f6rung, Verlust und unbefugtem Zugriff gesch\u00fctzt. Wann immer m\u00f6glich, werden personenbezogene Daten pseudonymisiert oder verschl\u00fcsselt.<\/p><p><strong>\u00dcBERTRAGUNG PERS\u00d6NLICHER DATEN IN EIN DRITTES LAND<\/strong><\/p><p>Ich \u00fcbermittle Ihre pers\u00f6nlichen Daten nicht an Drittl\u00e4nder oder internationale Organisationen.<\/p><p><strong>COOKIES<\/strong><\/p><p>Alle Details zur Verwendung von Cookies finden Sie in der Cookie-Erkl\u00e4rung auf dieser Website.<\/p><p><strong>GOOGLE ANALYTICS<\/strong><\/p><p>In einigen F\u00e4llen (wenn die Website Google Analytics verwendet) werden bei der Verarbeitung personenbezogener Daten bestimmte Daten von der Google Analytics-Plattform gespeichert. Weitere Informationen finden Sie in den Datenschutzbestimmungen f\u00fcr Google-Analytics-Plattform.<\/p><p><strong>VERLETZUNG PERS\u00d6NLICHER DATEN<\/strong><\/p><p>Im Falle eines Versto\u00dfes gegen personenbezogene Daten werde ich Sie und die f\u00fcr den Schutz personenbezogener Daten zust\u00e4ndige Beh\u00f6rde informieren (sp\u00e4testens innerhalb von 72 Stunden).<\/p><p><strong>\u00c4NDERUNG DER DATENSCHUTZRICHTLINIE<\/strong><\/p><p>Ich behalte mir das Recht vor, diese Datenschutzerkl\u00e4rung jederzeit zu \u00e4ndern. Ich bin nicht verpflichtet, eine besondere Mitteilung zu machen. Daher bitte ich Sie als Benutzer, diese Datenschutzrichtlinie regelm\u00e4\u00dfig zu \u00fcberpr\u00fcfen.<\/p><p><strong>Diese Datenschutzrichtlinie wurde zuletzt am 06. 05. 2022.<\/strong><\/p>\t\t\t\t\t\t<\/div>\n\t\t\t\t<\/div>\n\t\t\t\t\t<\/div>\n\t\t<\/div>\n\t\t\t\t\t\t\t<\/div>\n\t\t<\/section>\n\t\t\t\t\t\t\t<\/div>\n\t\t","protected":false},"excerpt":{"rendered":"<p>Datenschutzerkl\u00e4rung Ich respektiere Ihre Privatsph\u00e4re und bin mir bewusst, dass sie Ihnen sehr wichtig ist. Ich garantiere allen Besuchern dieser Website, dass Ihre Daten sicher sind und gem\u00e4\u00df der Allgemeinen Datenschutzverordnung (DSGVO) verarbeitet werden, die in allen EU-L\u00e4ndern ab dem 25. Mai 2018 gilt. WAS IST EIN ALLGEMEINER PERS\u00d6NLICHER DATENSCHUTZ (DSGVO)? Dies ist die Verordnung (EU) 2016\/679 des Europ\u00e4ischen Parlaments und des Rates vom 27. April 2016 zum Schutz nat\u00fcrlicher Personen bei der Verarbeitung personenbezogener Daten. Sie gilt in allen EU-L\u00e4ndern (sowie in der Republik \u00d6sterreich) ab dem 25. Mai 2018. MEINE GRUNDS\u00c4TZE SCH\u00dcTZEN IHRE DATENSCHUTZ Ich sammle nur die\u2026<\/p>\n","protected":false},"author":2,"featured_media":0,"parent":0,"menu_order":0,"comment_status":"closed","ping_status":"closed","template":"elementor_header_footer","meta":[],"blocksy_meta":{"styles_descriptor":{"styles":{"desktop":"","tablet":"","mobile":""},"google_fonts":[],"version":5}},"_links":{"self":[{"href":"https:\/\/hrvatska-zajednica-berlin.com\/de\/wp-json\/wp\/v2\/pages\/8225"}],"collection":[{"href":"https:\/\/hrvatska-zajednica-berlin.com\/de\/wp-json\/wp\/v2\/pages"}],"about":[{"href":"https:\/\/hrvatska-zajednica-berlin.com\/de\/wp-json\/wp\/v2\/types\/page"}],"author":[{"embeddable":true,"href":"https:\/\/hrvatska-zajednica-berlin.com\/de\/wp-json\/wp\/v2\/users\/2"}],"replies":[{"embeddable":true,"href":"https:\/\/hrvatska-zajednica-berlin.com\/de\/wp-json\/wp\/v2\/comments?post=8225"}],"version-history":[{"count":8,"href":"https:\/\/hrvatska-zajednica-berlin.com\/de\/wp-json\/wp\/v2\/pages\/8225\/revisions"}],"predecessor-version":[{"id":8557,"href":"https:\/\/hrvatska-zajednica-berlin.com\/de\/wp-json\/wp\/v2\/pages\/8225\/revisions\/8557"}],"wp:attachment":[{"href":"https:\/\/hrvatska-zajednica-berlin.com\/de\/wp-json\/wp\/v2\/media?parent=8225"}],"curies":[{"name":"wp","href":"https:\/\/api.w.org\/{rel}","templated":true}]}}